{"id":21,"date":"2021-03-14T11:51:04","date_gmt":"2021-03-14T10:51:04","guid":{"rendered":"http:\/\/crepes-dinnes.de\/?page_id=21"},"modified":"2021-03-14T17:26:21","modified_gmt":"2021-03-14T16:26:21","slug":"philosophie-und-zutaten","status":"publish","type":"page","link":"https:\/\/crepes-dinnes.de\/?page_id=21","title":{"rendered":"PHILOSOPHIE UND ZUTATEN"},"content":{"rendered":"\t\t<div data-elementor-type=\"wp-page\" data-elementor-id=\"21\" class=\"elementor elementor-21\">\n\t\t\t\t\t\t\t\t\t<section class=\"elementor-section elementor-top-section elementor-element elementor-element-fa1ff39 elementor-section-boxed elementor-section-height-default elementor-section-height-default\" data-id=\"fa1ff39\" data-element_type=\"section\">\n\t\t\t\t\t\t<div class=\"elementor-container elementor-column-gap-default\">\n\t\t\t\t\t<div class=\"elementor-column elementor-col-50 elementor-top-column elementor-element elementor-element-8371613\" data-id=\"8371613\" data-element_type=\"column\">\n\t\t\t<div class=\"elementor-widget-wrap elementor-element-populated\">\n\t\t\t\t\t\t\t\t<div class=\"elementor-element elementor-element-b1d5032 elementor-widget elementor-widget-text-editor\" data-id=\"b1d5032\" data-element_type=\"widget\" data-widget_type=\"text-editor.default\">\n\t\t\t\t<div class=\"elementor-widget-container\">\n\t\t\t\t\t\t\t<p>Ein guter Cr\u00eapesteig\u00a0 besteht nur aus nat\u00fcrlichen Hauptbestandteilen (Eier, Milch, Mehl) und einigen nat\u00fcrlichen Zutaten (\u00d6l, Salz etc.). Das richtige Mischungsverh\u00e4ltnis ergibt dann den perfekten Cr\u00eapesteig. Wir hatten am Anfang alle m\u00f6glichen Mischungen probiert, doch erst im Laufe der Zeit konnten wir das Mischungsverh\u00e4ltnis, erg\u00e4nzt mit ein paar weiteren Zutaten, perfektionieren. Viele Kunden versichern uns immer wieder, wie gut ihnen der Cr\u00eapes schmeckt und best\u00e4tigen uns das geschmackvolle und wohlschmeckende Aroma des frischen Cr\u00eapes-Teiges.<\/p>\t\t\t\t\t\t<\/div>\n\t\t\t\t<\/div>\n\t\t\t\t\t<\/div>\n\t\t<\/div>\n\t\t\t\t<div class=\"elementor-column elementor-col-50 elementor-top-column elementor-element elementor-element-b72f088\" data-id=\"b72f088\" data-element_type=\"column\">\n\t\t\t<div class=\"elementor-widget-wrap elementor-element-populated\">\n\t\t\t\t\t\t\t\t<div class=\"elementor-element elementor-element-175170f elementor-widget elementor-widget-image\" data-id=\"175170f\" data-element_type=\"widget\" data-widget_type=\"image.default\">\n\t\t\t\t<div class=\"elementor-widget-container\">\n\t\t\t\t\t\t\t\t\t\t\t\t\t\t\t<img width=\"300\" height=\"200\" src=\"https:\/\/crepes-dinnes.de\/wp-content\/uploads\/2021\/03\/shutterstock_564490030-Philosophie-und-Zutaten-300x200.jpg\" class=\"attachment-medium size-medium wp-image-75\" alt=\"\" loading=\"lazy\" srcset=\"https:\/\/crepes-dinnes.de\/wp-content\/uploads\/2021\/03\/shutterstock_564490030-Philosophie-und-Zutaten-300x200.jpg 300w, https:\/\/crepes-dinnes.de\/wp-content\/uploads\/2021\/03\/shutterstock_564490030-Philosophie-und-Zutaten-1024x683.jpg 1024w, https:\/\/crepes-dinnes.de\/wp-content\/uploads\/2021\/03\/shutterstock_564490030-Philosophie-und-Zutaten-768x512.jpg 768w, https:\/\/crepes-dinnes.de\/wp-content\/uploads\/2021\/03\/shutterstock_564490030-Philosophie-und-Zutaten-1536x1024.jpg 1536w, https:\/\/crepes-dinnes.de\/wp-content\/uploads\/2021\/03\/shutterstock_564490030-Philosophie-und-Zutaten-2048x1365.jpg 2048w, https:\/\/crepes-dinnes.de\/wp-content\/uploads\/2021\/03\/shutterstock_564490030-Philosophie-und-Zutaten-1140x760.jpg 1140w\" sizes=\"(max-width: 300px) 100vw, 300px\" \/>\t\t\t\t\t\t\t\t\t\t\t\t\t\t\t<\/div>\n\t\t\t\t<\/div>\n\t\t\t\t\t<\/div>\n\t\t<\/div>\n\t\t\t\t\t\t\t<\/div>\n\t\t<\/section>\n\t\t\t\t<section class=\"elementor-section elementor-top-section elementor-element elementor-element-4296fd3 elementor-section-boxed elementor-section-height-default elementor-section-height-default\" data-id=\"4296fd3\" data-element_type=\"section\">\n\t\t\t\t\t\t<div class=\"elementor-container elementor-column-gap-default\">\n\t\t\t\t\t<div class=\"elementor-column elementor-col-100 elementor-top-column elementor-element elementor-element-9177afc\" data-id=\"9177afc\" data-element_type=\"column\">\n\t\t\t<div class=\"elementor-widget-wrap elementor-element-populated\">\n\t\t\t\t\t\t\t\t<div class=\"elementor-element elementor-element-9b3e0a2 elementor-widget elementor-widget-text-editor\" data-id=\"9b3e0a2\" data-element_type=\"widget\" data-widget_type=\"text-editor.default\">\n\t\t\t\t<div class=\"elementor-widget-container\">\n\t\t\t\t\t\t\t<p>Bei den Festen und Veranstaltungen wird dieser Teig jeden Tag fr\u00fch morgens frisch zubereitet und ger\u00fchrt, nur so bleiben Qualit\u00e4t und Geschmackserlebnis konstant. Nat\u00fcrlich gibt es viele sog. Fertigteige in Pulverform, welche nur noch mit Wasser anger\u00fchrt werden m\u00fcssen. Wir haben vor langer Zeit die bekanntesten ausprobiert und stellten fest, dass der Geschmack wirklich nicht dem entspricht, was einen guten Cr\u00eapes ausmacht. Hier ist der viel gr\u00f6\u00dfere Aufwand des Selbst-Herstellens mit den nat\u00fcrlichen Zutaten f\u00fcr uns absolut gerechtfertigt.<\/p>\t\t\t\t\t\t<\/div>\n\t\t\t\t<\/div>\n\t\t\t\t\t<\/div>\n\t\t<\/div>\n\t\t\t\t\t\t\t<\/div>\n\t\t<\/section>\n\t\t\t\t<section class=\"elementor-section elementor-top-section elementor-element elementor-element-f0980bb elementor-section-boxed elementor-section-height-default elementor-section-height-default\" data-id=\"f0980bb\" data-element_type=\"section\">\n\t\t\t\t\t\t<div class=\"elementor-container elementor-column-gap-default\">\n\t\t\t\t\t<div class=\"elementor-column elementor-col-100 elementor-top-column elementor-element elementor-element-5d3b24f\" data-id=\"5d3b24f\" data-element_type=\"column\">\n\t\t\t<div class=\"elementor-widget-wrap elementor-element-populated\">\n\t\t\t\t\t\t\t\t<div class=\"elementor-element elementor-element-18b6733 elementor-widget elementor-widget-text-editor\" data-id=\"18b6733\" data-element_type=\"widget\" data-widget_type=\"text-editor.default\">\n\t\t\t\t<div class=\"elementor-widget-container\">\n\t\t\t\t\t\t\t<p>Belohnt und best\u00e4tigt werden wir immer wieder durch das Lob unserer Kunden und deren jahrelange Treue zu uns. Wer h\u00f6rt nicht gern solche Worte am Stand: &#8220; Wir haben uns schon auf der Herfahrt zu diesem Fest auf einen Cr\u00eapes von Euch (Cr\u00eapes-Gourmet) gefreut&#8220;. Darum wollen wir uns auch an dieser Stelle ganz herzlich bei all den Leuten bedanken, die bei uns einen Cr\u00eapes bestellen und welche wir immer wieder gerne kulinarisch verw\u00f6hnen d\u00fcrfen.<\/p>\t\t\t\t\t\t<\/div>\n\t\t\t\t<\/div>\n\t\t\t\t\t<\/div>\n\t\t<\/div>\n\t\t\t\t\t\t\t<\/div>\n\t\t<\/section>\n\t\t\t\t<section class=\"elementor-section elementor-top-section elementor-element elementor-element-92131dc elementor-section-boxed elementor-section-height-default elementor-section-height-default\" data-id=\"92131dc\" data-element_type=\"section\">\n\t\t\t\t\t\t<div class=\"elementor-container elementor-column-gap-default\">\n\t\t\t\t\t<div class=\"elementor-column elementor-col-100 elementor-top-column elementor-element elementor-element-fd7ddc4\" data-id=\"fd7ddc4\" data-element_type=\"column\">\n\t\t\t<div class=\"elementor-widget-wrap elementor-element-populated\">\n\t\t\t\t\t\t\t\t<div class=\"elementor-element elementor-element-8c36494 elementor-widget elementor-widget-text-editor\" data-id=\"8c36494\" data-element_type=\"widget\" data-widget_type=\"text-editor.default\">\n\t\t\t\t<div class=\"elementor-widget-container\">\n\t\t\t\t\t\t\t<p>Wir w\u00fcnschen Euch hier nochmals ein &#8222;bon app\u00eatit&#8220; und &#8222;Lasst es Euch schmecken&#8220;.<\/p>\t\t\t\t\t\t<\/div>\n\t\t\t\t<\/div>\n\t\t\t\t\t<\/div>\n\t\t<\/div>\n\t\t\t\t\t\t\t<\/div>\n\t\t<\/section>\n\t\t\t\t\t\t\t<\/div>\n\t\t","protected":false},"excerpt":{"rendered":"<p>Ein guter Cr\u00eapesteig\u00a0 besteht nur aus nat\u00fcrlichen Hauptbestandteilen (Eier, Milch, Mehl) und einigen nat\u00fcrlichen Zutaten (\u00d6l, Salz etc.). Das richtige Mischungsverh\u00e4ltnis ergibt dann den perfekten Cr\u00eapesteig. Wir hatten am Anfang alle m\u00f6glichen Mischungen probiert, doch erst im Laufe der Zeit konnten wir das Mischungsverh\u00e4ltnis, erg\u00e4nzt mit ein paar weiteren Zutaten, perfektionieren. Viele Kunden versichern uns immer wieder, wie gut ihnen der Cr\u00eapes schmeckt und best\u00e4tigen uns das geschmackvolle und wohlschmeckende Aroma des frischen Cr\u00eapes-Teiges. Bei den Festen und Veranstaltungen wird dieser Teig jeden Tag fr\u00fch morgens frisch zubereitet und ger\u00fchrt, nur so bleiben Qualit\u00e4t und Geschmackserlebnis konstant. Nat\u00fcrlich gibt es viele sog. Fertigteige in Pulverform, welche nur noch mit Wasser anger\u00fchrt werden m\u00fcssen. Wir haben vor langer Zeit die bekanntesten ausprobiert und stellten fest, dass der Geschmack wirklich nicht dem entspricht, was einen guten Cr\u00eapes ausmacht. Hier ist der viel gr\u00f6\u00dfere Aufwand des Selbst-Herstellens mit den nat\u00fcrlichen Zutaten f\u00fcr uns absolut gerechtfertigt. Belohnt und best\u00e4tigt werden wir immer wieder durch das Lob unserer Kunden und deren jahrelange Treue zu uns. Wer h\u00f6rt nicht gern solche Worte am Stand: &#8220; Wir haben uns schon auf der Herfahrt zu diesem Fest auf einen Cr\u00eapes von Euch (Cr\u00eapes-Gourmet) gefreut&#8220;. Darum wollen wir uns auch an dieser Stelle ganz herzlich bei all den Leuten bedanken, die bei uns einen Cr\u00eapes bestellen und welche wir immer wieder gerne kulinarisch verw\u00f6hnen d\u00fcrfen. Wir w\u00fcnschen Euch hier nochmals ein &#8222;bon app\u00eatit&#8220; und &#8222;Lasst es Euch schmecken&#8220;.<\/p>\n","protected":false},"author":1,"featured_media":0,"parent":0,"menu_order":0,"comment_status":"closed","ping_status":"closed","template":"","meta":[],"_links":{"self":[{"href":"https:\/\/crepes-dinnes.de\/index.php?rest_route=\/wp\/v2\/pages\/21"}],"collection":[{"href":"https:\/\/crepes-dinnes.de\/index.php?rest_route=\/wp\/v2\/pages"}],"about":[{"href":"https:\/\/crepes-dinnes.de\/index.php?rest_route=\/wp\/v2\/types\/page"}],"author":[{"embeddable":true,"href":"https:\/\/crepes-dinnes.de\/index.php?rest_route=\/wp\/v2\/users\/1"}],"replies":[{"embeddable":true,"href":"https:\/\/crepes-dinnes.de\/index.php?rest_route=%2Fwp%2Fv2%2Fcomments&post=21"}],"version-history":[{"count":7,"href":"https:\/\/crepes-dinnes.de\/index.php?rest_route=\/wp\/v2\/pages\/21\/revisions"}],"predecessor-version":[{"id":150,"href":"https:\/\/crepes-dinnes.de\/index.php?rest_route=\/wp\/v2\/pages\/21\/revisions\/150"}],"wp:attachment":[{"href":"https:\/\/crepes-dinnes.de\/index.php?rest_route=%2Fwp%2Fv2%2Fmedia&parent=21"}],"curies":[{"name":"wp","href":"https:\/\/api.w.org\/{rel}","templated":true}]}}