{"id":22,"date":"2021-03-14T11:51:04","date_gmt":"2021-03-14T10:51:04","guid":{"rendered":"http:\/\/crepes-dinnes.de\/?page_id=22"},"modified":"2021-03-14T17:51:12","modified_gmt":"2021-03-14T16:51:12","slug":"historie","status":"publish","type":"page","link":"https:\/\/crepes-dinnes.de\/?page_id=22","title":{"rendered":"HISTORIE"},"content":{"rendered":"\t\t<div data-elementor-type=\"wp-page\" data-elementor-id=\"22\" class=\"elementor elementor-22\">\n\t\t\t\t\t\t\t\t\t<section class=\"elementor-section elementor-top-section elementor-element elementor-element-edab666 elementor-section-boxed elementor-section-height-default elementor-section-height-default\" data-id=\"edab666\" data-element_type=\"section\">\n\t\t\t\t\t\t<div class=\"elementor-container elementor-column-gap-default\">\n\t\t\t\t\t<div class=\"elementor-column elementor-col-100 elementor-top-column elementor-element elementor-element-4601b42\" data-id=\"4601b42\" data-element_type=\"column\">\n\t\t\t<div class=\"elementor-widget-wrap elementor-element-populated\">\n\t\t\t\t\t\t\t\t<div class=\"elementor-element elementor-element-5bc930e elementor-widget elementor-widget-text-editor\" data-id=\"5bc930e\" data-element_type=\"widget\" data-widget_type=\"text-editor.default\">\n\t\t\t\t<div class=\"elementor-widget-container\">\n\t\t\t\t\t\t\t<h2>\ud835\udda2\ud835\uddcb\u00ea\ud835\uddc9\ud835\uddbe\ud835\uddcc<\/h2>\t\t\t\t\t\t<\/div>\n\t\t\t\t<\/div>\n\t\t\t\t\t<\/div>\n\t\t<\/div>\n\t\t\t\t\t\t\t<\/div>\n\t\t<\/section>\n\t\t\t\t<section class=\"elementor-section elementor-top-section elementor-element elementor-element-0be2137 elementor-section-boxed elementor-section-height-default elementor-section-height-default\" data-id=\"0be2137\" data-element_type=\"section\">\n\t\t\t\t\t\t<div class=\"elementor-container elementor-column-gap-default\">\n\t\t\t\t\t<div class=\"elementor-column elementor-col-100 elementor-top-column elementor-element elementor-element-df40977\" data-id=\"df40977\" data-element_type=\"column\">\n\t\t\t<div class=\"elementor-widget-wrap elementor-element-populated\">\n\t\t\t\t\t\t\t\t<div class=\"elementor-element elementor-element-15c18ce elementor-widget elementor-widget-text-editor\" data-id=\"15c18ce\" data-element_type=\"widget\" data-widget_type=\"text-editor.default\">\n\t\t\t\t<div class=\"elementor-widget-container\">\n\t\t\t\t\t\t\t<p>Was sind die Urspr\u00fcnge, woher kommen diese leckeren Pfannkuchen ? Urspr\u00fcnglich sind die Cr\u00eapes eine franz\u00f6sisch-bretonische Spezialit\u00e4t, welche vor \u00fcber 1000 Jahren seinen Ursprung hatte. Cr\u00eapes sind eine Weiterentwicklung der Galette, welche auch heute noch genauso in der Bretagne angeboten werden.<\/p>\t\t\t\t\t\t<\/div>\n\t\t\t\t<\/div>\n\t\t\t\t\t<\/div>\n\t\t<\/div>\n\t\t\t\t\t\t\t<\/div>\n\t\t<\/section>\n\t\t\t\t<section class=\"elementor-section elementor-top-section elementor-element elementor-element-11e071f elementor-section-boxed elementor-section-height-default elementor-section-height-default\" data-id=\"11e071f\" data-element_type=\"section\">\n\t\t\t\t\t\t<div class=\"elementor-container elementor-column-gap-default\">\n\t\t\t\t\t<div class=\"elementor-column elementor-col-100 elementor-top-column elementor-element elementor-element-1f1f399\" data-id=\"1f1f399\" data-element_type=\"column\">\n\t\t\t<div class=\"elementor-widget-wrap elementor-element-populated\">\n\t\t\t\t\t\t\t\t<div class=\"elementor-element elementor-element-112efbc elementor-widget elementor-widget-text-editor\" data-id=\"112efbc\" data-element_type=\"widget\" data-widget_type=\"text-editor.default\">\n\t\t\t\t<div class=\"elementor-widget-container\">\n\t\t\t\t\t\t\t<p>Die sog. &#8222;Galette de sarassin&#8220; waren urspr\u00fcnglich das Grundnahrungsmittel der Bretonen. Eine Art Brotersatz. Das &#8222;sarazenische Korn&#8220; (grobes Buchweizenmehl) brachten die Kreuzfahrer aus Vorderasien nach Frankreich mit. Gebacken wurden diese Pfannkuchen auf einem hei\u00dfen Stein dem sog.&#8220;jalet&#8220; oder galet&#8220;, darum auch der Name &#8222;Galettes&#8220;. Der Teig war kosteng\u00fcnstig und leicht aus grobem Buchweizenmehl, Wasser, Milch etwas Ei, Salz, \u00d6l herzustellen. Es war fr\u00fcher ein ganz normales Essen der eher \u00e4rmeren Bev\u00f6lkerung.<\/p>\t\t\t\t\t\t<\/div>\n\t\t\t\t<\/div>\n\t\t\t\t\t<\/div>\n\t\t<\/div>\n\t\t\t\t\t\t\t<\/div>\n\t\t<\/section>\n\t\t\t\t<section class=\"elementor-section elementor-top-section elementor-element elementor-element-70bf1b2 elementor-section-boxed elementor-section-height-default elementor-section-height-default\" data-id=\"70bf1b2\" data-element_type=\"section\">\n\t\t\t\t\t\t<div class=\"elementor-container elementor-column-gap-default\">\n\t\t\t\t\t<div class=\"elementor-column elementor-col-100 elementor-top-column elementor-element elementor-element-73f7e25\" data-id=\"73f7e25\" data-element_type=\"column\">\n\t\t\t<div class=\"elementor-widget-wrap elementor-element-populated\">\n\t\t\t\t\t\t\t\t<div class=\"elementor-element elementor-element-9458aad elementor-widget elementor-widget-text-editor\" data-id=\"9458aad\" data-element_type=\"widget\" data-widget_type=\"text-editor.default\">\n\t\t\t\t<div class=\"elementor-widget-container\">\n\t\t\t\t\t\t\t<p>Belegt wurden Galettes mit allem was damals zur Verf\u00fcgung stand, wie R\u00fcben, Gem\u00fcse, K\u00e4se, Ei, Obst und wurde pikant und herzhaft mit verschiedenen Gew\u00fcrzen zubereitet. Es gab sie auch s\u00fc\u00df mit gehackten N\u00fcssen mit Honig, Fr\u00fcchten. Die Galettes wurden meist knusprig und etwas fester gebacken. Erst im Laufe der Jahrhunderte, als man dann das fein gemahlene Weizenmehl entwickelte, wurden aus den Galettes die Cr\u00eapes. Durch das feine Weizenmehl konnte der d\u00fcnnere Cr\u00eapesteig dann auch d\u00fcnner mit dem Cr\u00eapeseisen auf der hei\u00dfen Platte verteilt werden. Es wurde dann auch mehr Milch und Ei dazugegeben und der heute bekannte weiche und &#8222;fluffige&#8220; Cr\u00eapesteig entstand.<\/p>\t\t\t\t\t\t<\/div>\n\t\t\t\t<\/div>\n\t\t\t\t\t<\/div>\n\t\t<\/div>\n\t\t\t\t\t\t\t<\/div>\n\t\t<\/section>\n\t\t\t\t<section class=\"elementor-section elementor-top-section elementor-element elementor-element-fa0e39c elementor-section-boxed elementor-section-height-default elementor-section-height-default\" data-id=\"fa0e39c\" data-element_type=\"section\">\n\t\t\t\t\t\t<div class=\"elementor-container elementor-column-gap-default\">\n\t\t\t\t\t<div class=\"elementor-column elementor-col-100 elementor-top-column elementor-element elementor-element-12524da\" data-id=\"12524da\" data-element_type=\"column\">\n\t\t\t<div class=\"elementor-widget-wrap elementor-element-populated\">\n\t\t\t\t\t\t\t\t<div class=\"elementor-element elementor-element-fa71076 elementor-widget elementor-widget-text-editor\" data-id=\"fa71076\" data-element_type=\"widget\" data-widget_type=\"text-editor.default\">\n\t\t\t\t<div class=\"elementor-widget-container\">\n\t\t\t\t\t\t\t<p>Damals (ab ca. 1600 &#8211; 1700) konnten sich allerdings das teure feine Weizenmehl nur die Wohlhabenden leisten, darum war der eigentliche Cr\u00eapes eine Delikatesse der sogenannten &#8222;Upperclass&#8220; der damaligen Gesellschaft. Damals auch schon gerne s\u00fc\u00df in allen m\u00f6glichen Variationen belegt, mit Zucker, Honig, geriebenen Pistazien, N\u00fcssen und auch schon einer Art verdickter Kaokaocreme etc. etc.<\/p>\t\t\t\t\t\t<\/div>\n\t\t\t\t<\/div>\n\t\t\t\t\t<\/div>\n\t\t<\/div>\n\t\t\t\t\t\t\t<\/div>\n\t\t<\/section>\n\t\t\t\t<section class=\"elementor-section elementor-top-section elementor-element elementor-element-fa678c8 elementor-section-boxed elementor-section-height-default elementor-section-height-default\" data-id=\"fa678c8\" data-element_type=\"section\">\n\t\t\t\t\t\t<div class=\"elementor-container elementor-column-gap-default\">\n\t\t\t\t\t<div class=\"elementor-column elementor-col-100 elementor-top-column elementor-element elementor-element-3356a1d\" data-id=\"3356a1d\" data-element_type=\"column\">\n\t\t\t<div class=\"elementor-widget-wrap elementor-element-populated\">\n\t\t\t\t\t\t\t\t<div class=\"elementor-element elementor-element-d1a8996 elementor-widget elementor-widget-text-editor\" data-id=\"d1a8996\" data-element_type=\"widget\" data-widget_type=\"text-editor.default\">\n\t\t\t\t<div class=\"elementor-widget-container\">\n\t\t\t\t\t\t\t<p>Der Teig war leicht und einfach herzustellen und das Belegen war in zigtausendfachen Varianten m\u00f6glich. Dies beg\u00fcnstigte den Siegeszug dieser K\u00f6stlichkeit \u00fcber ganz Europa und sp\u00e4ter \u00fcber die gesamte Welt.<\/p>\t\t\t\t\t\t<\/div>\n\t\t\t\t<\/div>\n\t\t\t\t\t<\/div>\n\t\t<\/div>\n\t\t\t\t\t\t\t<\/div>\n\t\t<\/section>\n\t\t\t\t<section class=\"elementor-section elementor-top-section elementor-element elementor-element-9607185 elementor-section-boxed elementor-section-height-default elementor-section-height-default\" data-id=\"9607185\" data-element_type=\"section\">\n\t\t\t\t\t\t<div class=\"elementor-container elementor-column-gap-default\">\n\t\t\t\t\t<div class=\"elementor-column elementor-col-100 elementor-top-column elementor-element elementor-element-f3680cf\" data-id=\"f3680cf\" data-element_type=\"column\">\n\t\t\t<div class=\"elementor-widget-wrap elementor-element-populated\">\n\t\t\t\t\t\t\t\t<div class=\"elementor-element elementor-element-0d4143b elementor-widget elementor-widget-text-editor\" data-id=\"0d4143b\" data-element_type=\"widget\" data-widget_type=\"text-editor.default\">\n\t\t\t\t<div class=\"elementor-widget-container\">\n\t\t\t\t\t\t\t<p>Der Begriff Cr\u00eapes hat seinen Ursprung jedoch im Lateinischen, vom Begriff: &#8222;Crispus&#8220;, was so viel hei\u00dft wie &#8222;wellig&#8220;. Mit Verwendung des damals groben Buchweizenmehles wurden die Pfannkuchen au\u00dfen herum nicht glatt, sondern &#8222;wellten&#8220; sich beim Backvorgang auf dem heissen Stein. Bei der sp\u00e4teren \u00dcbersetzung in\u00b4s Altfranz\u00f6siche wurde aus &#8222;crispus&#8220; dann &#8222;cr\u00easpe&#8220; Im Laufe der Zeit wanderte das mittige &#8222;s&#8220; an das Wortende und der Begriff &#8222;Cr\u00eapes&#8220; entstand.<\/p>\t\t\t\t\t\t<\/div>\n\t\t\t\t<\/div>\n\t\t\t\t\t<\/div>\n\t\t<\/div>\n\t\t\t\t\t\t\t<\/div>\n\t\t<\/section>\n\t\t\t\t<section class=\"elementor-section elementor-top-section elementor-element elementor-element-9f674a6 elementor-section-boxed elementor-section-height-default elementor-section-height-default\" data-id=\"9f674a6\" data-element_type=\"section\">\n\t\t\t\t\t\t<div class=\"elementor-container elementor-column-gap-default\">\n\t\t\t\t\t<div class=\"elementor-column elementor-col-100 elementor-top-column elementor-element elementor-element-748ed24\" data-id=\"748ed24\" data-element_type=\"column\">\n\t\t\t<div class=\"elementor-widget-wrap elementor-element-populated\">\n\t\t\t\t\t\t\t\t<div class=\"elementor-element elementor-element-8800f04 elementor-widget elementor-widget-text-editor\" data-id=\"8800f04\" data-element_type=\"widget\" data-widget_type=\"text-editor.default\">\n\t\t\t\t<div class=\"elementor-widget-container\">\n\t\t\t\t\t\t\t<p>Die d\u00fcnnen Pfannkuchen hatten ihren Ursprung aber nicht nur in Frankreich, sondern auch im rum\u00e4nisch-ungarischen und vorderasiatischen Raum. Hier gehen die Urspr\u00fcnge 2000 Jahre zur\u00fcck. Es wurde hier damals bereits Buchweizen angebaut, dem Grundmaterial dieser Pfannkuchen. Wer kennt nicht den heutigen, \u00f6sterreichischen Begriff &#8222;Palatschinken&#8220;. Dieser stammt eigentlich vom lateinischen Wort &#8222;placenta&#8220; = Kuchen ab. Aus &#8222;placenta&#8220; wurde das rum\u00e4nische Wort &#8222;pl\u00e2cinta&#8220;, und sp\u00e4ter das ungarische Wort &#8222;palacsinta&#8220;. Im \u00f6sterreichisch-deutschen Sprachraum wurde aus diesem Wort dann palatschinka, da man mit der slawischen Wortendung &#8222;sinta&#8220; wenig anfangen konnte.<\/p>\t\t\t\t\t\t<\/div>\n\t\t\t\t<\/div>\n\t\t\t\t\t<\/div>\n\t\t<\/div>\n\t\t\t\t\t\t\t<\/div>\n\t\t<\/section>\n\t\t\t\t<section class=\"elementor-section elementor-top-section elementor-element elementor-element-fe2753a elementor-section-boxed elementor-section-height-default elementor-section-height-default\" data-id=\"fe2753a\" data-element_type=\"section\">\n\t\t\t\t\t\t<div class=\"elementor-container elementor-column-gap-default\">\n\t\t\t\t\t<div class=\"elementor-column elementor-col-100 elementor-top-column elementor-element elementor-element-57ee30e\" data-id=\"57ee30e\" data-element_type=\"column\">\n\t\t\t<div class=\"elementor-widget-wrap elementor-element-populated\">\n\t\t\t\t\t\t\t\t<div class=\"elementor-element elementor-element-b69ae70 elementor-widget elementor-widget-text-editor\" data-id=\"b69ae70\" data-element_type=\"widget\" data-widget_type=\"text-editor.default\">\n\t\t\t\t<div class=\"elementor-widget-container\">\n\t\t\t\t\t\t\t<p>So entstand im Lauf der Zeit der &#8222;Palatschinken&#8220;, welcher mit Schinken (Fleisch) so wenig zu tun hat, wie die Abstammung eines Eies von einem Rind.<\/p>\t\t\t\t\t\t<\/div>\n\t\t\t\t<\/div>\n\t\t\t\t\t<\/div>\n\t\t<\/div>\n\t\t\t\t\t\t\t<\/div>\n\t\t<\/section>\n\t\t\t\t<section class=\"elementor-section elementor-top-section elementor-element elementor-element-b4a143e elementor-section-boxed elementor-section-height-default elementor-section-height-default\" data-id=\"b4a143e\" data-element_type=\"section\">\n\t\t\t\t\t\t<div class=\"elementor-container elementor-column-gap-default\">\n\t\t\t\t\t<div class=\"elementor-column elementor-col-100 elementor-top-column elementor-element elementor-element-535ad9b\" data-id=\"535ad9b\" data-element_type=\"column\">\n\t\t\t<div class=\"elementor-widget-wrap elementor-element-populated\">\n\t\t\t\t\t\t\t\t<div class=\"elementor-element elementor-element-a85bbe0 elementor-widget elementor-widget-text-editor\" data-id=\"a85bbe0\" data-element_type=\"widget\" data-widget_type=\"text-editor.default\">\n\t\t\t\t<div class=\"elementor-widget-container\">\n\t\t\t\t\t\t\t<h2 id=\"cc-m-header-6425390611\" class=\"\">Brauchtum\u00a0 und Legenden zu den Cr\u00eapes<\/h2>\t\t\t\t\t\t<\/div>\n\t\t\t\t<\/div>\n\t\t\t\t\t<\/div>\n\t\t<\/div>\n\t\t\t\t\t\t\t<\/div>\n\t\t<\/section>\n\t\t\t\t<section class=\"elementor-section elementor-top-section elementor-element elementor-element-e4922c0 elementor-section-boxed elementor-section-height-default elementor-section-height-default\" data-id=\"e4922c0\" data-element_type=\"section\">\n\t\t\t\t\t\t<div class=\"elementor-container elementor-column-gap-default\">\n\t\t\t\t\t<div class=\"elementor-column elementor-col-100 elementor-top-column elementor-element elementor-element-4342494\" data-id=\"4342494\" data-element_type=\"column\">\n\t\t\t<div class=\"elementor-widget-wrap elementor-element-populated\">\n\t\t\t\t\t\t\t\t<div class=\"elementor-element elementor-element-6249f5f elementor-widget elementor-widget-text-editor\" data-id=\"6249f5f\" data-element_type=\"widget\" data-widget_type=\"text-editor.default\">\n\t\t\t\t<div class=\"elementor-widget-container\">\n\t\t\t\t\t\t\t<p>In Frankreich ist am 2.Februar im Jahr (wenn die Tage wieder l\u00e4nger werden) das Fest Chandeleur, die &#8222;f\u00eate des chandelles&#8220;, das Fest der Kerzen. Zur Chandeleur muss man seine Cr\u00eapes wenden, indem man in der rechten Hand die Pfanne oder den Cr\u00eapeswender mit dem Cr\u00eapes h\u00e4lt und in der Linken zugleich ein Goldst\u00fcck (oder Geldst\u00fcck). Wenn diese akrobatische Leistung gelingt, so hat man das ganze Jahr \u00fcber Gl\u00fcck, so hei\u00dft es im Volksmund.<\/p>\t\t\t\t\t\t<\/div>\n\t\t\t\t<\/div>\n\t\t\t\t\t<\/div>\n\t\t<\/div>\n\t\t\t\t\t\t\t<\/div>\n\t\t<\/section>\n\t\t\t\t<section class=\"elementor-section elementor-top-section elementor-element elementor-element-3531631 elementor-section-boxed elementor-section-height-default elementor-section-height-default\" data-id=\"3531631\" data-element_type=\"section\">\n\t\t\t\t\t\t<div class=\"elementor-container elementor-column-gap-default\">\n\t\t\t\t\t<div class=\"elementor-column elementor-col-100 elementor-top-column elementor-element elementor-element-ce9e1ed\" data-id=\"ce9e1ed\" data-element_type=\"column\">\n\t\t\t<div class=\"elementor-widget-wrap elementor-element-populated\">\n\t\t\t\t\t\t\t\t<div class=\"elementor-element elementor-element-33dc3a5 elementor-widget elementor-widget-text-editor\" data-id=\"33dc3a5\" data-element_type=\"widget\" data-widget_type=\"text-editor.default\">\n\t\t\t\t<div class=\"elementor-widget-container\">\n\t\t\t\t\t\t\t<p>Die Cr\u00eapes sollen in der &#8222;dunklen&#8220; Jahreszeit (also in den Wintermonaten) durch die goldgelbe Farbe und der runden Form die Sonne symbolisieren, wenn die Tage des Winters langsam zu Ende gehen und sich der ersehnte Fr\u00fchling ank\u00fcndigt.<\/p>\t\t\t\t\t\t<\/div>\n\t\t\t\t<\/div>\n\t\t\t\t\t<\/div>\n\t\t<\/div>\n\t\t\t\t\t\t\t<\/div>\n\t\t<\/section>\n\t\t\t\t<section class=\"elementor-section elementor-top-section elementor-element elementor-element-d280bf0 elementor-section-boxed elementor-section-height-default elementor-section-height-default\" data-id=\"d280bf0\" data-element_type=\"section\">\n\t\t\t\t\t\t<div class=\"elementor-container elementor-column-gap-default\">\n\t\t\t\t\t<div class=\"elementor-column elementor-col-100 elementor-top-column elementor-element elementor-element-0e97786\" data-id=\"0e97786\" data-element_type=\"column\">\n\t\t\t<div class=\"elementor-widget-wrap elementor-element-populated\">\n\t\t\t\t\t\t\t\t<div class=\"elementor-element elementor-element-c111fdd elementor-widget elementor-widget-text-editor\" data-id=\"c111fdd\" data-element_type=\"widget\" data-widget_type=\"text-editor.default\">\n\t\t\t\t<div class=\"elementor-widget-container\">\n\t\t\t\t\t\t\t<p>Am Mardi-Gras (w\u00f6rtlich &#8222;fetter Dienstag&#8220;) dem letzten Karnevalstag in Frankreich, verkleiden sich die Kinder und dabei d\u00fcrfen beim Essen die leckeren Cr\u00eapes auf keinen Fall fehlen.<\/p>\t\t\t\t\t\t<\/div>\n\t\t\t\t<\/div>\n\t\t\t\t\t<\/div>\n\t\t<\/div>\n\t\t\t\t\t\t\t<\/div>\n\t\t<\/section>\n\t\t\t\t<section class=\"elementor-section elementor-top-section elementor-element elementor-element-fe1342f elementor-section-boxed elementor-section-height-default elementor-section-height-default\" data-id=\"fe1342f\" data-element_type=\"section\">\n\t\t\t\t\t\t<div class=\"elementor-container elementor-column-gap-default\">\n\t\t\t\t\t<div class=\"elementor-column elementor-col-100 elementor-top-column elementor-element elementor-element-52aa9c5\" data-id=\"52aa9c5\" data-element_type=\"column\">\n\t\t\t<div class=\"elementor-widget-wrap elementor-element-populated\">\n\t\t\t\t\t\t\t\t<div class=\"elementor-element elementor-element-cef928a elementor-widget elementor-widget-text-editor\" data-id=\"cef928a\" data-element_type=\"widget\" data-widget_type=\"text-editor.default\">\n\t\t\t\t<div class=\"elementor-widget-container\">\n\t\t\t\t\t\t\t<p>Fr\u00fcher mussten die bretonischen Br\u00e4ute Ihre Heiratsf\u00e4higkeit mit der Zubereitung von guten Cr\u00eapes unter Beweis stellen.<\/p>\t\t\t\t\t\t<\/div>\n\t\t\t\t<\/div>\n\t\t\t\t\t<\/div>\n\t\t<\/div>\n\t\t\t\t\t\t\t<\/div>\n\t\t<\/section>\n\t\t\t\t\t\t\t<\/div>\n\t\t","protected":false},"excerpt":{"rendered":"<p>\ud835\udda2\ud835\uddcb\u00ea\ud835\uddc9\ud835\uddbe\ud835\uddcc Was sind die Urspr\u00fcnge, woher kommen diese leckeren Pfannkuchen ? Urspr\u00fcnglich sind die Cr\u00eapes eine franz\u00f6sisch-bretonische Spezialit\u00e4t, welche vor \u00fcber 1000 Jahren seinen Ursprung hatte. Cr\u00eapes sind eine Weiterentwicklung der Galette, welche auch heute noch genauso in der Bretagne angeboten werden. Die sog. &#8222;Galette de sarassin&#8220; waren urspr\u00fcnglich das Grundnahrungsmittel der Bretonen. Eine Art Brotersatz. Das &#8222;sarazenische Korn&#8220; (grobes Buchweizenmehl) brachten die Kreuzfahrer aus Vorderasien nach Frankreich mit. Gebacken wurden diese Pfannkuchen auf einem hei\u00dfen Stein dem sog.&#8220;jalet&#8220; oder galet&#8220;, darum auch der Name &#8222;Galettes&#8220;. Der Teig war kosteng\u00fcnstig und leicht aus grobem Buchweizenmehl, Wasser, Milch etwas Ei, Salz, \u00d6l herzustellen. Es war fr\u00fcher ein ganz normales Essen der eher \u00e4rmeren Bev\u00f6lkerung. Belegt wurden Galettes mit allem was damals zur Verf\u00fcgung stand, wie R\u00fcben, Gem\u00fcse, K\u00e4se, Ei, Obst und wurde pikant und herzhaft mit verschiedenen Gew\u00fcrzen zubereitet. Es gab sie auch s\u00fc\u00df mit gehackten N\u00fcssen mit Honig, Fr\u00fcchten. Die Galettes wurden meist knusprig und etwas fester gebacken. Erst im Laufe der Jahrhunderte, als man dann das fein gemahlene Weizenmehl entwickelte, wurden aus den Galettes die Cr\u00eapes. Durch das feine Weizenmehl konnte der d\u00fcnnere Cr\u00eapesteig dann auch d\u00fcnner mit dem Cr\u00eapeseisen auf der hei\u00dfen Platte verteilt werden. Es wurde dann auch mehr Milch und Ei dazugegeben und der heute bekannte weiche und &#8222;fluffige&#8220; Cr\u00eapesteig entstand. Damals (ab ca. 1600 &#8211; 1700) konnten sich allerdings das teure feine Weizenmehl nur die Wohlhabenden leisten, darum war der eigentliche Cr\u00eapes eine Delikatesse der sogenannten &#8222;Upperclass&#8220; der damaligen Gesellschaft. Damals auch schon gerne s\u00fc\u00df in allen m\u00f6glichen Variationen belegt, mit Zucker, Honig, geriebenen Pistazien, N\u00fcssen und auch schon einer Art verdickter Kaokaocreme etc. etc. Der Teig war leicht und einfach herzustellen und das Belegen war in zigtausendfachen Varianten m\u00f6glich. Dies beg\u00fcnstigte den Siegeszug dieser K\u00f6stlichkeit \u00fcber ganz Europa und sp\u00e4ter \u00fcber die gesamte Welt. Der Begriff Cr\u00eapes hat seinen Ursprung jedoch im Lateinischen, vom Begriff: &#8222;Crispus&#8220;, was so viel hei\u00dft wie &#8222;wellig&#8220;. Mit Verwendung des damals groben Buchweizenmehles wurden die Pfannkuchen au\u00dfen herum nicht glatt, sondern &#8222;wellten&#8220; sich beim Backvorgang auf dem heissen Stein. Bei der sp\u00e4teren \u00dcbersetzung in\u00b4s Altfranz\u00f6siche wurde aus &#8222;crispus&#8220; dann &#8222;cr\u00easpe&#8220; Im Laufe der Zeit wanderte das mittige &#8222;s&#8220; an das Wortende und der Begriff &#8222;Cr\u00eapes&#8220; entstand. Die d\u00fcnnen Pfannkuchen hatten ihren Ursprung aber nicht nur in Frankreich, sondern auch im rum\u00e4nisch-ungarischen und vorderasiatischen Raum. Hier gehen die Urspr\u00fcnge 2000 Jahre zur\u00fcck. Es wurde hier damals bereits Buchweizen angebaut, dem Grundmaterial dieser Pfannkuchen. Wer kennt nicht den heutigen, \u00f6sterreichischen Begriff &#8222;Palatschinken&#8220;. Dieser stammt eigentlich vom lateinischen Wort &#8222;placenta&#8220; = Kuchen ab. Aus &#8222;placenta&#8220; wurde das rum\u00e4nische Wort &#8222;pl\u00e2cinta&#8220;, und sp\u00e4ter das ungarische Wort &#8222;palacsinta&#8220;. Im \u00f6sterreichisch-deutschen Sprachraum wurde aus diesem Wort dann palatschinka, da man mit der slawischen Wortendung &#8222;sinta&#8220; wenig anfangen konnte. So entstand im Lauf der Zeit der &#8222;Palatschinken&#8220;, welcher mit Schinken (Fleisch) so wenig zu tun hat, wie die Abstammung eines Eies von einem Rind. Brauchtum\u00a0 und Legenden zu den Cr\u00eapes In Frankreich ist am 2.Februar im Jahr (wenn die Tage wieder l\u00e4nger werden) das Fest Chandeleur, die &#8222;f\u00eate des chandelles&#8220;, das Fest der Kerzen. Zur Chandeleur muss man seine Cr\u00eapes wenden, indem man in der rechten Hand die Pfanne oder den Cr\u00eapeswender mit dem Cr\u00eapes h\u00e4lt und in der Linken zugleich ein Goldst\u00fcck (oder Geldst\u00fcck). Wenn diese akrobatische Leistung gelingt, so hat man das ganze Jahr \u00fcber Gl\u00fcck, so hei\u00dft es im Volksmund. Die Cr\u00eapes sollen in der &#8222;dunklen&#8220; Jahreszeit (also in den Wintermonaten) durch die goldgelbe Farbe und der runden Form die Sonne symbolisieren, wenn die Tage des Winters langsam zu Ende gehen und sich der ersehnte Fr\u00fchling ank\u00fcndigt. Am Mardi-Gras (w\u00f6rtlich &#8222;fetter Dienstag&#8220;) dem letzten Karnevalstag in Frankreich, verkleiden sich die Kinder und dabei d\u00fcrfen beim Essen die leckeren Cr\u00eapes auf keinen Fall fehlen. Fr\u00fcher mussten die bretonischen Br\u00e4ute Ihre Heiratsf\u00e4higkeit mit der Zubereitung von guten Cr\u00eapes unter Beweis stellen.<\/p>\n","protected":false},"author":1,"featured_media":0,"parent":0,"menu_order":0,"comment_status":"closed","ping_status":"closed","template":"","meta":[],"_links":{"self":[{"href":"https:\/\/crepes-dinnes.de\/index.php?rest_route=\/wp\/v2\/pages\/22"}],"collection":[{"href":"https:\/\/crepes-dinnes.de\/index.php?rest_route=\/wp\/v2\/pages"}],"about":[{"href":"https:\/\/crepes-dinnes.de\/index.php?rest_route=\/wp\/v2\/types\/page"}],"author":[{"embeddable":true,"href":"https:\/\/crepes-dinnes.de\/index.php?rest_route=\/wp\/v2\/users\/1"}],"replies":[{"embeddable":true,"href":"https:\/\/crepes-dinnes.de\/index.php?rest_route=%2Fwp%2Fv2%2Fcomments&post=22"}],"version-history":[{"count":7,"href":"https:\/\/crepes-dinnes.de\/index.php?rest_route=\/wp\/v2\/pages\/22\/revisions"}],"predecessor-version":[{"id":166,"href":"https:\/\/crepes-dinnes.de\/index.php?rest_route=\/wp\/v2\/pages\/22\/revisions\/166"}],"wp:attachment":[{"href":"https:\/\/crepes-dinnes.de\/index.php?rest_route=%2Fwp%2Fv2%2Fmedia&parent=22"}],"curies":[{"name":"wp","href":"https:\/\/api.w.org\/{rel}","templated":true}]}}